{"id":456,"date":"2022-09-06T11:35:22","date_gmt":"2022-09-06T09:35:22","guid":{"rendered":"https:\/\/nase-jutro.devlf.com\/politika-privatnosti\/"},"modified":"2022-10-31T14:18:09","modified_gmt":"2022-10-31T13:18:09","slug":"privacy-policy","status":"publish","type":"page","link":"https:\/\/nase-jutro.devlf.com\/en\/privacy-policy\/","title":{"rendered":"Privacy Policy"},"content":{"rendered":"\r\n<h2 class=\"wp-block-heading\">Osnovni podaci o kompaniji:<\/h2>\r\n<p>Puno poslovno ime privrednog dru\u0161tva je: Prodajno-servisni centar MIKRON DOO Sirig,<br \/>Sedi\u0161te &#8211; ulica: JNA 47, 21214 Sirig<br \/>Odgovorno lice: Branislav Krivoku\u0107a direktor<br \/>PIB: 100818119<br \/>Mati\u010dni Br: 08621071<br \/>\u0160ifra delatnosti: 51660<br \/>Teku\u0107i ra\u010dun: 220-115528-89<br \/>Kontakt telefon: <a href=\"tel:+38121849650\">+381 (0)21 849-650<\/a><br \/>Kontakt email adresa: <a href=\"mailto:office@mikrondoo.rs\">office@mikrondoo.rs<\/a><\/p>\r\n<h2>Politika privatnosti<\/h2>\r\n<p>Ova Politika privatnosti reguli\u0161e praksu prikupljanja informacija od korisnika prilikom kori\u0161\u0107enja internet stranici <a href=\"https:\/\/nase-jutro.devlf.com\">https:\/\/nase-jutro.devlf.com<\/a> , kao i njihovo skladi\u0161tenje u bazama podataka na\u0161eg preduze\u0107a MIKRON d.o.o. Na\u0161a politika privatnosti obuhvata razloge kako i za\u0161to sakupljamo, koristimo i \u0161titimo Va\u0161e li\u010dne podatke a u skladu sa va\u017ee\u0107im Zakonom o za\u0161titi podataka o li\u010dnosti (&#8220;Sl. glasnik RS&#8221;, br. 87\/2018), kao i drugim va\u017ee\u0107im a primenjivim zakonskim propisima, u zavisnosti od toga koji podaci se obra\u0111uju.<\/p>\r\n<p>MIKRON d.o.o obra\u0111uje Va\u0161e podatke o li\u010dnosti zakonito, po\u0161teno i transparentno u odnosu na lice na koje se podaci odnose, u svrhe koje su konkretno odre\u0111ene, izri\u010dite, opravdane i zakonite i dalje se ne mogu obra\u0111ivati na na\u010din koji nije u skladu sa tim svrhama, a podaci koje obra\u0111ujemo su primereni, bitni i ograni\u010deni na ono \u0161to je neophodno u odnosu na svrhu obrade.<\/p>\r\n<p>Obrada podataka vr\u0161i se na na\u010din koji obezbe\u0111uje odgovaraju\u0107u za\u0161titu podataka o li\u010dnosti, uklju\u010duju\u0107i za\u0161titu od neovla\u0161\u0107ene ili nezakonite obrade, kao i od slu\u010dajnog gubitka, uni\u0161tenja ili o\u0161te\u0107enja primenom odgovaraju\u0107ih tehni\u010dkih, organizacionih i kadrovskih mera.<\/p>\r\n<p>U ovom dokumentu mo\u017eete prona\u0107i informacije o vrsti podataka koje obra\u0111ujemo, o svrsi za koju ih prikupljamo, koristimo i obra\u0111ujemo, kao i o Va\u0161im pravima u vezi sa predmetnim li\u010dnim podacima.<\/p>\r\n<p>U slu\u010daju da Va\u0161a konkretna dilema ili pitanje nije obra\u0111ena u ovoj Politici privatnosti, ili imate dodatno pitanje, budite slobodni da nas kontaktirate na prethodno naveden e-mail ili broj telefona.<\/p>\r\n<p>Zadr\u017eavamo diskreciono pravo da ovu Politiku privatnosti mo\u017eemo izmeniti u svako doba i da tako izmenjen tekst postane va\u017ee\u0107i odmah po objavi istog na na\u0161em veb sajtu.<\/p>\r\n<p>Nastavak Va\u0161eg kori\u0161\u0107enja veb sajta nakon izmena, podrazumeva da prihvatate sve uslove tako izmenjene Politike privatnosti. Stoga savetujemo korisnike da periodi\u010dno ponovo detaljno pro\u010ditaju informacije sadr\u017eane u Politici privatnosti, kako bi bili informisani o eventualnim promenama.<\/p>\r\n<h2>Vrste podataka koji se prikupljaju<\/h2>\r\n<p>MIKRON d.o.o prikuplja slede\u0107e podatke o li\u010dnosti korisnika veb sajta <a href=\"https:\/\/nase-jutro.devlf.com\">https:\/\/nase-jutro.devlf.com<\/a>:<\/p>\r\n<ul>\r\n<li>Email adresa<\/li>\r\n<li>Ime i prezime<\/li>\r\n<li>IP adresa<\/li>\r\n<\/ul>\r\n<h2>Na\u010din prikupljanja i upotrebe podataka<\/h2>\r\n<p>Tokom Va\u0161e posete sajtu mo\u017eemo prikupiti va\u0161e li\u010dne podatke koji su neophodni za Va\u0161e kvalitetno korisni\u010dko iskustvo i za mogu\u0107nost kori\u0161\u0107enja dodatnih pogodnosti i sadr\u017eaja koju dobijate prilikom prijavljivanja na na\u0161u mejling listu. Va\u0161e li\u010dne podatke koristimo isklju\u010divo i samo kako bi nam omogu\u0107ili da Vam obezbedimo proizvode i usluge koje \u017eelite radi zadovoljenja Va\u0161ih zahteva ili da Vam prilagodimo na\u0161u ponudu, tj. da je personalizujemo, unapredili rad veb sajta, osigurali proveru administrativnih zadataka, uspostavili kontakt sa Vama, pobolj\u0161ali na\u0161e ogla\u0161iva\u010dke i promotivne rezultate i pobolj\u0161ali na\u0161u ponudu proizvoda ili usluga na tr\u017ei\u0161tu, kao i u svrhu saradnje sa institucijama odgovornim za sprovo\u0111enje zakona.<\/p>\r\n<p>Mi ne prodajemo i ne iznajmljujemo Va\u0161e li\u010dne podatke tre\u0107im licima, za njihove markenti\u0161ke potrebe a da prethodno nismo Vama dali mogu\u0107nost da tu opciju isklju\u010dite. Nikada i ni pod kojim uslovima ne\u0107emo zloupotrebiti Va\u0161e li\u010dne podatke. U slede\u0107im odeljcima \u0107emo Vam izlo\u017eiti na\u010dine i razloge za mogu\u0107e davanje Va\u0161ih informacija, za potrebe normalnog poslovanja veb sajta.<\/p>\r\n<h2>Skladi\u0161tenje i \u010duvanje podataka<\/h2>\r\n<p>Preduze\u0107e MIKRON d.o.o kao prodavac proizvoda i usluga koje prezentuje na veb sajtu ula\u017ee maksimalne napore radi za\u0161tite Va\u0161e privatnosti kad ste &#8220;online&#8221; kao korisnik. Va\u0161e li\u010dne informacije se \u010duvaju na siguran i poverljiv na\u010din, i obra\u0111uju na zakonit na\u010din u skladu sa ovom politikom privatnosti. Preduzimamo odgovaraju\u0107e tehni\u010dke i organizacione mere radi za\u0161tite od naovla\u0161\u0107enog i nezakonitog pristupa i obrade va\u0161ih li\u010dnih podataka, uklju\u010duju\u0107i i enkripciju va\u0161ih informacija.<\/p>\r\n<h2>Svrha obrade i pravni osnov<\/h2>\r\n<p>MIKRON d.o.o koristi Va\u0161e podatke za slede\u0107e svrhe:<\/p>\r\n<ul>\r\n<li>Pru\u017eanje kvalitetnog korisni\u010dkog iskustva<\/li>\r\n<li>Pru\u017eanje osnovnih usluga i informacije o proizvodima<\/li>\r\n<li>Komunikaciju sa korisnicima veb sajta<\/li>\r\n<li>Ponude novih proizvoda i usluga<\/li>\r\n<li>Druge svrhe<\/li>\r\n<\/ul>\r\n<p>MIRKON d.o.o podatke o li\u010dnosti obra\u0111uje u skladu sa \u010dlanom 12 stav 1 ta\u010dka 1, 2 i 3 Zakona o za\u0161titi podataka o li\u010dnosti (&#8220;Sl. glasnik RS&#8221;, br. 87\/2018), odnosno:<\/p>\r\n<ul>\r\n<li>na osnovu Va\u0161eg pristanka na obradu Va\u0161ih podataka o li\u010dnosti za jednu ili vi\u0161e posebno odre\u0111enih svrha,<\/li>\r\n<li>jer je obrada neophodna za izvr\u0161enje ugovora zaklju\u010denog Vama kao sa licem na koje se podaci odnose ili za preduzimanje radnji, na Va\u0161 zahtev kao lica na koje se podaci odnose, pre zaklju\u010denja ugovora i<\/li>\r\n<li>jer je obrada neophodna u cilju po\u0161tovanja pravnih obaveza MIKRON d.o.o kao rukovaoca<\/li>\r\n<\/ul>\r\n<h2>Korisnici podataka<\/h2>\r\n<p>Pristup Va\u0161im podacima imaju:<\/p>\r\n<ul>\r\n<li>Zaposleni u kompaniji MIRKON d.o.o, ili saradnici, u meri u kojoj je to neophodno radi izvr\u0161enja ugovora zaklju\u010denog sa Vama kao sa licem na koje se podaci odnose ili za preduzimanje radnji, na Va\u0161 zahtev kao lica na koje se podaci odnose, u cilju ispunjenja svrhe obrade (pru\u017eanje osnovnih usluga, komunikacije sa Vama kao korisnikom, ponude novih proizvoda i usluga, i druge svrhe)<\/li>\r\n<li>IT podr\u0161ka u meri u kojoj je to neophodno radi ispunjenje svrhe obrade<\/li>\r\n<\/ul>\r\n<h2>Transfer podataka o li\u010dnosti van EU i van Republike Srbije<\/h2>\r\n<p>MiKRON d.o.o ne vr\u0161i transfer podataka o li\u010dnosti van teritorije Evropske unije, kao ni van teritorije Republike Srbije.<\/p>\r\n<h2>Informacije o internet stranici <a href=\"https:\/\/nase-jutro.devlf.com\">https:\/\/nase-jutro.devlf.com<\/a> i povezanim stranicama<\/h2>\r\n<p>Navedene informacije u ovoj Politici privatnosti se odnose samo na na\u0161u veb stranicu <a href=\"https:\/\/nase-jutro.devlf.com\">https:\/\/nase-jutro.devlf.com<\/a>. Ako ste preusmereni na druge stranice preko linkova na na\u0161im stranicama, molimo Vas da se informi\u0161ete o tome o odgovarajuc\u0301em rukovanju va\u0161im podacima.<\/p>\r\n<h2>Informacije o kola\u010di\u0107ima (cookies)<\/h2>\r\n<p>Kola\u010di\u0107 (cookie) je informacija sa\u010duvana na Va\u0161em ra\u010dunaru od strane internet stranice koju posetite. Kola\u010di\u0107i obi\u010dno \u010duvaju Va\u0161a pode\u0161avanja, postavke za internet stranicu, kao \u0161to su preferirani jezik ili adresa. Kasnije, kada opet otvorite istu internet stranicu internet pregleda\u010d \u0161alje natrag kola\u010di\u0107e koji pripadaju toj stranici. Ovo omogu\u0107ava stranici da Vas prepozna i prika\u017ee informacije prilago\u0111ene Va\u0161im potrebama. Ukoliko ne \u017eelite da na\u0161 veb sajt ima pristup Va\u0161im kola\u010di\u0107ima, mo\u017eete ih blokirati. Ve\u0107ina veb pretra\u017eiva\u010da Vam omogu\u0107ava da blokirate kola\u010di\u0107e (\u201cblok cookie\u201d). To mo\u017eete uraditi putem Pode\u0161avanja Va\u0161eg veb pretra\u017eiva\u010da.<\/p>\r\n<p>Prilikom posete na\u0161e internet stranice, prikupljaju se i odre\u0111ene informacije koje su uglavnom anonimne informacije, odnosno ne otkrivaju Va\u0161 identitet. Ako ste prijavljeni na svoj nalog, neke od ovih informacija mogu biti povezane sa Va\u0161im nalogom.<\/p>\r\n<p>U pitanju su slede\u0107e informacije:<\/p>\r\n<ul>\r\n<li>Va\u0161a IP adresa ili IP adresa proxy servera<\/li>\r\n<li>ime domena<\/li>\r\n<li>naziv Va\u0161eg provajdera, u zavisnosti od konfiguracije Va\u0161e ISP veze;<\/li>\r\n<li>datum i vreme Va\u0161e posete internet stranici;<\/li>\r\n<li>du\u017eini Va\u0161e sesije;<\/li>\r\n<li>stranice na koje ste pristupili;<\/li>\r\n<li>koliko puta ste pristupili na\u0161em sajtu u roku od mesec dana;<\/li>\r\n<li>URL adresi datoteke koju ste pogledali i informacije koje se odnose na nju<\/li>\r\n<li>Internet stranica koja Vas je uputila na na\u0161u internet stranicu; i<\/li>\r\n<li>operativni sistem koji Va\u0161 ra\u010dunar koristi.<\/li>\r\n<\/ul>\r\n<p>Povremeno c\u0301emo koristiti kompanije za reklamiranje trec\u0301ih lica da prikazuju oglase na osnovu prethodnih poseta na\u0161oj internet stranici. Na primer, ako posec\u0301ujete na\u0161u internet stranicu, mo\u017eete kasnije videti dodatak za na\u0161e proizvode i usluge kada posetite druge internet stranice.<\/p>\r\n<h2>Newsletter<\/h2>\r\n<p>Na\u0161a internet stranica nudi elektronski bilten na koji se mo\u017eete dobrovoljno prijaviti i odjaviti u bilo koje vreme. Va\u0161a e-adresa c\u0301e se koristiti isklju\u010divo za slanje e-po\u0161te, u vezi sa na\u0161im proizvodima i uslugama i korisne savete za Vas kao korisnika.<\/p>\r\n<h2>Primaoci podataka<\/h2>\r\n<h3>Google Analytics<\/h3>\r\n<p>Na\u0161a internet stranica koristi Google analitiku, uslugu veb analitike koju pru\u017ea Google Inc. (\u201cGoogle\u201d). Google analitika koristi \u201ckola\u010dic\u0301e\u201d, informacije koje generi\u0161e kola\u010dic\u0301 o va\u0161oj upotrebi ove veb lokacije (uklju\u010dujuc\u0301i i va\u0161u IP adresu) c\u0301e se preneti na Google server u Sjedinjenim Dr\u017eavama i tamo se \u010duvati. Google c\u0301e koristiti ove informacije da proceni Va\u0161u upotrebu internet stranice, da sastavlja izve\u0161taje o aktivnostima internet stranice za operatere internet stranice i da pru\u017ei druge usluge vezane za aktivnosti internet stranice i kori\u0161\u0107enje interneta. Google mo\u017ee preneti ove informacije i na trec\u0301e strane ako to zahteva zakon ili ako trec\u0301a lica obra\u0111uju ove podatke u ime Google-a. Google nec\u0301e povezivati va\u0161u IP adresu sa bilo kojim drugim Google podacima pod bilo kojim okolnostima. Mo\u017eete da spre\u010dite instalaciju kola\u010dic\u0301a tako \u0161to c\u0301ete podesiti softver pretra\u017eiva\u010da shodno tome. Mo\u017eete odbiti prikupljanje i kori\u0161\u0107enje va\u0161e IP adrese od strane Google analitike u bilo koje vreme, s tim \u0161to odbijanje ima pravnu snagu od momenta odbijanja i ne deluje retroaktivno. Dodatne informacije mo\u017eete pronac\u0301i na: <a href=\"https:\/\/tools.google.com\/dlpage\/gaoptout?hl=en\">https:\/\/tools.google.com\/dlpage\/gaoptout?hl=en<\/a><\/p>\r\n<h3>Facebook I Instagram<\/h3>\r\n<p>Tako\u0111e mo\u017eemo koristiti komunikacijske alate za dru\u0161tvene mre\u017ee na veb platformi Facebook prilikom komunikacije sa na\u0161im korisnicima i posetiocima na\u0161eg veb sajta. Za vi\u0161e informacija o svrsi i obimu prikupljanja podataka i daljoj obradi i kori\u0161c\u0301enju podataka od strane Facebook-a, kao i o va\u0161im preferencama privatnosti, molimo vas pogledajte u Politici privatnosti Facebook-a koja se mo\u017ee nac\u0301i na <a href=\"http:\/\/www.facebook.com\/privacy\/explanation\">www.facebook.com\/privacy\/explanation<\/a><\/p>\r\n<h2>Va\u0161a Prava<\/h2>\r\n<p>Imate slede\u0107a prava u vezi sa obradom Va\u0161ih podataka o li\u010dnosti:<\/p>\r\n<ul>\r\n<li>Pravo da od MIKRON d.o.o zahtevate pristup, ispravku ili brisanje Va\u0161ih podataka o li\u010dnosti<\/li>\r\n<li>Prava da od MIKRON d.o.o zahtevate ograni\u010denje obrade podataka<\/li>\r\n<li>Pravo na prigovor<\/li>\r\n<li>Pravo na prenosivost podataka<\/li>\r\n<li>Pravo na opoziv pristanka u bilo koje vreme, s tim \u0161to opoziv pristanka ne uti\u010de na dopu\u0161tenost obrade na osnovu pristanka pre opoziva<\/li>\r\n<li>Pravu podno\u0161enja pritu\u017ebe Povereniku<\/li>\r\n<li>Pravo na informaciju o tome da li obra\u0111ujemo Va\u0161e podatke o li\u010dnosti Pristup Va\u0161im podacima o li\u010dnosti, informacije o svrsi obrade, o vrstama podataka koje se obra\u0111uju, o primaocu ili vrstama primalaca kojima su podaci o li\u010dnosti otkriveni ili \u0107e im biti otkriveni, a posebno primaocima u drugim dr\u017eavama ili me\u0111unarodnim organizacijama, o predvi\u0111enom roku \u010duvanja podataka o li\u010dnosti, ili ako to nije mogu\u0107e, o kriterijumima za odre\u0111ivanje tog roka;<\/li>\r\n<\/ul>\r\n<p>Na Va\u0161 zahtev, MIKRON d.o.o dostavi\u0107e Vam kopiju podataka koje obra\u0111uje, a koji se odnose na Vas. MIKRON d.o.o mo\u017ee da zahteva naknadu nu\u017enih tro\u0161kova za izradu dodatnih kopija koje zahteva lice na koje se podaci odnose. Ako se zahtev za kopiju dostavlja elektronskim putem, informacije se dostavljaju u uobi\u010dajeno kori\u0161\u0107enom elektronskom obliku.<\/p>\r\n<p>Prava mo\u017eete ostvariti kontaktiranjem MIKRON d.o.o na slede\u0107e na\u010dine:<\/p>\r\n<p>Adresa, Email, Telefon &#8211; JNA 47, 21214 Sirig; <a href=\"mailto:office@mikrondoo.rs\">office@mikrondoo.rs<\/a>; <a href=\"tel:+38121849650\">+381 (0)21 849650<\/a><\/p>\r\n<h2>Nadle\u017eni organ<\/h2>\r\n<p>Nadle\u017eni organ za za\u0161titu podataka o li\u010dnosti je Poverenik za informacije od javnog zna\u010daja i za\u0161titu podataka o li\u010dnosti Republike Srbije. Organu se mo\u017eete obratiti na adresi Bulevar kralja Aleksandra 15, 11000 Beograd, Republika Srbija, mejlom na office@poverenik.rs ili telefonom na +381 11 3408 900.<\/p>\r\n","protected":false},"excerpt":{"rendered":"<p>Osnovni podaci o kompaniji: Puno poslovno ime privrednog dru\u0161tva je: Prodajno-servisni centar MIKRON DOO Sirig,Sedi\u0161te &#8211; ulica: JNA 47, 21214 SirigOdgovorno lice: Branislav Krivoku\u0107a direktorPIB: 100818119Mati\u010dni Br: 08621071\u0160ifra delatnosti: 51660Teku\u0107i ra\u010dun: 220-115528-89Kontakt telefon: +381 (0)21 849-650Kontakt email adresa: office@mikrondoo.rs Politika privatnosti Ova Politika privatnosti reguli\u0161e praksu prikupljanja informacija od korisnika prilikom kori\u0161\u0107enja internet stranici https:\/\/nase-jutro.devlf.com [&hellip;]<\/p>\n","protected":false},"author":1,"featured_media":0,"parent":0,"menu_order":0,"comment_status":"closed","ping_status":"open","template":"","meta":{"_acf_changed":false,"om_disable_all_campaigns":false,"footnotes":""},"class_list":["post-456","page","type-page","status-publish","hentry"],"acf":[],"aioseo_notices":[],"_links":{"self":[{"href":"https:\/\/nase-jutro.devlf.com\/en\/wp-json\/wp\/v2\/pages\/456","targetHints":{"allow":["GET"]}}],"collection":[{"href":"https:\/\/nase-jutro.devlf.com\/en\/wp-json\/wp\/v2\/pages"}],"about":[{"href":"https:\/\/nase-jutro.devlf.com\/en\/wp-json\/wp\/v2\/types\/page"}],"author":[{"embeddable":true,"href":"https:\/\/nase-jutro.devlf.com\/en\/wp-json\/wp\/v2\/users\/1"}],"replies":[{"embeddable":true,"href":"https:\/\/nase-jutro.devlf.com\/en\/wp-json\/wp\/v2\/comments?post=456"}],"version-history":[{"count":2,"href":"https:\/\/nase-jutro.devlf.com\/en\/wp-json\/wp\/v2\/pages\/456\/revisions"}],"predecessor-version":[{"id":567,"href":"https:\/\/nase-jutro.devlf.com\/en\/wp-json\/wp\/v2\/pages\/456\/revisions\/567"}],"wp:attachment":[{"href":"https:\/\/nase-jutro.devlf.com\/en\/wp-json\/wp\/v2\/media?parent=456"}],"curies":[{"name":"wp","href":"https:\/\/api.w.org\/{rel}","templated":true}]}}